{"id":1863,"date":"2020-11-08T22:10:08","date_gmt":"2020-11-08T21:10:08","guid":{"rendered":"https:\/\/ikonen-grassmann.de\/?post_type=product&#038;p=1863"},"modified":"2025-07-22T14:06:45","modified_gmt":"2025-07-22T12:06:45","slug":"2-stuehle","status":"publish","type":"product","link":"https:\/\/ikonen-grassmann.de\/ru\/2-stuehle\/","title":{"rendered":"2 St\u00fchle"},"content":{"rendered":"<p>Eichenholz mit 15 eingef\u00fcgten russisch\/orthodoxen Bronzeikonen aus dem 17. und 18. Jahrhundert<br \/>\nSonderanfertigung f\u00fcr Liebhaber<br \/>\nDer Preis ist f\u00fcr beide St\u00fchle zusammen<\/p>\n","protected":false},"excerpt":{"rendered":"<p>Eichenholz mit 15 eingef\u00fcgten russisch\/orthodoxen Bronzeikonen aus dem 17. und 18. Jahrhundert Sonderanfertigung f\u00fcr Liebhaber Der Preis ist f\u00fcr beide St\u00fchle zusammen<\/p>\n","protected":false},"featured_media":10590,"template":"","meta":[],"product_brand":[],"product_cat":[],"product_tag":[],"class_list":{"0":"post-1863","1":"product","2":"type-product","3":"status-publish","4":"has-post-thumbnail","7":"first","8":"instock","9":"shipping-taxable","10":"purchasable","11":"product-type-simple"},"_links":{"self":[{"href":"https:\/\/ikonen-grassmann.de\/ru\/wp-json\/wp\/v2\/product\/1863","targetHints":{"allow":["GET"]}}],"collection":[{"href":"https:\/\/ikonen-grassmann.de\/ru\/wp-json\/wp\/v2\/product"}],"about":[{"href":"https:\/\/ikonen-grassmann.de\/ru\/wp-json\/wp\/v2\/types\/product"}],"wp:featuredmedia":[{"embeddable":true,"href":"https:\/\/ikonen-grassmann.de\/ru\/wp-json\/wp\/v2\/media\/10590"}],"wp:attachment":[{"href":"https:\/\/ikonen-grassmann.de\/ru\/wp-json\/wp\/v2\/media?parent=1863"}],"wp:term":[{"taxonomy":"product_brand","embeddable":true,"href":"https:\/\/ikonen-grassmann.de\/ru\/wp-json\/wp\/v2\/product_brand?post=1863"},{"taxonomy":"product_cat","embeddable":true,"href":"https:\/\/ikonen-grassmann.de\/ru\/wp-json\/wp\/v2\/product_cat?post=1863"},{"taxonomy":"product_tag","embeddable":true,"href":"https:\/\/ikonen-grassmann.de\/ru\/wp-json\/wp\/v2\/product_tag?post=1863"}],"curies":[{"name":"wp","href":"https:\/\/api.w.org\/{rel}","templated":true}]}}