{"id":17412,"date":"2025-12-04T10:18:11","date_gmt":"2025-12-04T09:18:11","guid":{"rendered":"https:\/\/ikonen-grassmann.de\/?post_type=product&#038;p=17412"},"modified":"2026-02-27T12:19:04","modified_gmt":"2026-02-27T11:19:04","slug":"hl-maria-pokrov","status":"publish","type":"product","link":"https:\/\/ikonen-grassmann.de\/ru\/hl-maria-pokrov\/","title":{"rendered":"Hl. Maria Pokrov"},"content":{"rendered":"<p>Diese Ikone zeigt das orthodoxe Fest Pokrov (Schutz und F\u00fcrbitte der Gottesmutter). Das zentrale Thema ist die Vision des heiligen Andreas des Narren-in-Christus, der die Gottesmutter w\u00e4hrend eines Gottesdienstes \u00fcber der versammelten Gemeinde erscheinen sah, wie sie ihren sch\u00fctzenden Schleier \u00fcber die Welt ausbreitet.<\/p>\n","protected":false},"excerpt":{"rendered":"<p>Diese Ikone zeigt das orthodoxe Fest Pokrov (Schutz und F\u00fcrbitte der Gottesmutter). Das zentrale Thema ist die Vision des heiligen Andreas des Narren-in-Christus, der die Gottesmutter w\u00e4hrend eines Gottesdienstes \u00fcber der versammelten Gemeinde erscheinen sah, wie sie ihren sch\u00fctzenden Schleier \u00fcber die Welt ausbreitet.<\/p>\n","protected":false},"featured_media":17401,"template":"","meta":[],"product_brand":[],"product_cat":[31],"product_tag":[],"class_list":{"0":"post-17412","1":"product","2":"type-product","3":"status-publish","4":"has-post-thumbnail","6":"product_cat-holzikonen","8":"first","9":"instock","10":"sale","11":"shipping-taxable","12":"purchasable","13":"product-type-simple"},"_links":{"self":[{"href":"https:\/\/ikonen-grassmann.de\/ru\/wp-json\/wp\/v2\/product\/17412","targetHints":{"allow":["GET"]}}],"collection":[{"href":"https:\/\/ikonen-grassmann.de\/ru\/wp-json\/wp\/v2\/product"}],"about":[{"href":"https:\/\/ikonen-grassmann.de\/ru\/wp-json\/wp\/v2\/types\/product"}],"wp:featuredmedia":[{"embeddable":true,"href":"https:\/\/ikonen-grassmann.de\/ru\/wp-json\/wp\/v2\/media\/17401"}],"wp:attachment":[{"href":"https:\/\/ikonen-grassmann.de\/ru\/wp-json\/wp\/v2\/media?parent=17412"}],"wp:term":[{"taxonomy":"product_brand","embeddable":true,"href":"https:\/\/ikonen-grassmann.de\/ru\/wp-json\/wp\/v2\/product_brand?post=17412"},{"taxonomy":"product_cat","embeddable":true,"href":"https:\/\/ikonen-grassmann.de\/ru\/wp-json\/wp\/v2\/product_cat?post=17412"},{"taxonomy":"product_tag","embeddable":true,"href":"https:\/\/ikonen-grassmann.de\/ru\/wp-json\/wp\/v2\/product_tag?post=17412"}],"curies":[{"name":"wp","href":"https:\/\/api.w.org\/{rel}","templated":true}]}}