{"id":17244,"date":"2025-11-20T11:39:16","date_gmt":"2025-11-20T10:39:16","guid":{"rendered":"https:\/\/ikonen-grassmann.de\/?post_type=product&#038;p=17244"},"modified":"2026-02-27T12:10:10","modified_gmt":"2026-02-27T11:10:10","slug":"gottesmutter-maria-pokrow","status":"publish","type":"product","link":"https:\/\/ikonen-grassmann.de\/ru\/gottesmutter-maria-pokrow\/","title":{"rendered":"Gottesmutter Maria Pokrow"},"content":{"rendered":"<p>Zehn Randheilige<\/p>\n<p style=\"font-weight: 400\"><strong><br \/>\nKurzbeschreibung der Ikone \u201eGottesmutter Pokrov<\/strong><\/p>\n<p style=\"font-weight: 400\">Diese Ikone zeigt das orthodoxe Fest Pokrov (Schutz und F\u00fcrbitte der Gottesmutter). Das zentrale Thema ist die Vision des heiligen Andreas des Narren-in-Christus, der die Gottesmutter w\u00e4hrend eines Gottesdienstes \u00fcber der versammelten Gemeinde erscheinen sah, wie sie ihren sch\u00fctzenden Schleier \u00fcber die Welt ausbreitet.<\/p>\n<p style=\"font-weight: 400\">\n<p style=\"font-weight: 400\"><strong>Vertieftes Mittelfeld (Hauptszene)<\/strong><\/p>\n<p style=\"font-weight: 400\">\n<p style=\"font-weight: 400\">Oberer Bereich<\/p>\n<p style=\"font-weight: 400\">\n<ul style=\"font-weight: 400\">\n<li>Die Gottesmutter erscheint in den Wolken, frontal dargestellt, mit zum Gebet erhobenen H\u00e4nden.<\/li>\n<li>\u00dcber ihr sieht man Christus in einer mandelf\u00f6rmigen Gloriole.<\/li>\n<li>Umgeben ist sie von zahlreichen Engeln und Heiligen, die ihre Erscheinung bezeugen.<\/li>\n<\/ul>\n<p style=\"font-weight: 400\">\n<p style=\"font-weight: 400\">\n<p style=\"font-weight: 400\">Mittlerer Bereich<\/p>\n<p style=\"font-weight: 400\">\n<ul style=\"font-weight: 400\">\n<li>Die Gottesmutter breitet ihren Schleier (Pokrov) aus, ein Symbol ihres Schutzes \u00fcber die Gl\u00e4ubigen.<\/li>\n<li>Links und rechts stehen Reihen von Heiligen, Bisch\u00f6fen, M\u00f6nchen und M\u00e4rtyrern.<\/li>\n<\/ul>\n<p style=\"font-weight: 400\">\n<p style=\"font-weight: 400\">Unterer Bereich<\/p>\n<ul style=\"font-weight: 400\">\n<li>Der Innenraum der Kirche von Blachernae in Konstantinopel.<\/li>\n<li>Zentral steht der heilige Romanos der Melode, singend, meist auf einem Podest, oft mit einem ge\u00f6ffneten Notenbuch.<\/li>\n<li>Rechts daneben: Der heilige Andreas, der Narr-in-Christo, der seinem Sch\u00fcler Epiphanios die Vision zeigt.<\/li>\n<li>Priester und Gl\u00e4ubige nehmen am Gottesdienst teil.<\/li>\n<\/ul>\n<ol start=\"2\">\n<li style=\"font-weight: 400\">Randheilige (Seiten- und Eckfiguren)<\/li>\n<\/ol>\n<p style=\"font-weight: 400\">Am Rand sind fig\u00fcrliche Einzeldarstellungen platziert. Typische Randheilige, die h\u00e4ufig auf Pokrov-Ikonen erscheinen und auch hier erkennbar sind:<\/p>\n","protected":false},"excerpt":{"rendered":"<p>Zehn Randheilige Kurzbeschreibung der Ikone \u201eGottesmutter Pokrov Diese Ikone zeigt das orthodoxe Fest Pokrov (Schutz und F\u00fcrbitte der Gottesmutter). Das zentrale Thema ist die Vision des heiligen Andreas des Narren-in-Christus, der die Gottesmutter w\u00e4hrend eines Gottesdienstes \u00fcber der versammelten Gemeinde erscheinen sah, wie sie ihren sch\u00fctzenden Schleier \u00fcber die Welt ausbreitet. Vertieftes Mittelfeld (Hauptszene) Oberer [&hellip;]<\/p>\n","protected":false},"featured_media":17239,"template":"","meta":[],"product_brand":[],"product_cat":[31],"product_tag":[],"class_list":{"0":"post-17244","1":"product","2":"type-product","3":"status-publish","4":"has-post-thumbnail","6":"product_cat-holzikonen","8":"first","9":"instock","10":"shipping-taxable","11":"purchasable","12":"product-type-simple"},"_links":{"self":[{"href":"https:\/\/ikonen-grassmann.de\/ru\/wp-json\/wp\/v2\/product\/17244","targetHints":{"allow":["GET"]}}],"collection":[{"href":"https:\/\/ikonen-grassmann.de\/ru\/wp-json\/wp\/v2\/product"}],"about":[{"href":"https:\/\/ikonen-grassmann.de\/ru\/wp-json\/wp\/v2\/types\/product"}],"wp:featuredmedia":[{"embeddable":true,"href":"https:\/\/ikonen-grassmann.de\/ru\/wp-json\/wp\/v2\/media\/17239"}],"wp:attachment":[{"href":"https:\/\/ikonen-grassmann.de\/ru\/wp-json\/wp\/v2\/media?parent=17244"}],"wp:term":[{"taxonomy":"product_brand","embeddable":true,"href":"https:\/\/ikonen-grassmann.de\/ru\/wp-json\/wp\/v2\/product_brand?post=17244"},{"taxonomy":"product_cat","embeddable":true,"href":"https:\/\/ikonen-grassmann.de\/ru\/wp-json\/wp\/v2\/product_cat?post=17244"},{"taxonomy":"product_tag","embeddable":true,"href":"https:\/\/ikonen-grassmann.de\/ru\/wp-json\/wp\/v2\/product_tag?post=17244"}],"curies":[{"name":"wp","href":"https:\/\/api.w.org\/{rel}","templated":true}]}}