{"id":17209,"date":"2025-11-19T11:05:10","date_gmt":"2025-11-19T10:05:10","guid":{"rendered":"https:\/\/ikonen-grassmann.de\/?post_type=product&#038;p=17209"},"modified":"2026-02-27T12:33:39","modified_gmt":"2026-02-27T11:33:39","slug":"die-feurige-himmelfahrt-des-heiligen-propheten-elias","status":"publish","type":"product","link":"https:\/\/ikonen-grassmann.de\/ru\/die-feurige-himmelfahrt-des-heiligen-propheten-elias\/","title":{"rendered":"Die feurige Himmelfahrt des Heiligen Propheten Elias"},"content":{"rendered":"<p>Diese Ikone zeigt die Himmelfahrt des Propheten Elias (Elija). Oben sieht man Elias in einem feurigen Wagen, der von feurigen Pferden gezogen wird \u2013 ein traditionelles biblisches Motiv. Ein Engel oder J\u00fcnger hebt die H\u00e4nde in Staunen.<\/p>\n<p>Unten links sitzt Elias als weise, \u00e4ltere Gestalt in einer H\u00f6hle. Rechts unten stehen zwei Heilige oder J\u00fcnger, einer von ihnen h\u00e4lt das Prophetengewand, das Elias beim Hinauffahren zur\u00fcckgelassen hat. Die goldenen Hintergr\u00fcnde und die Heiligenscheine kennzeichnen die heiligen Personen im typisch orthodoxen Stil.<\/p>\n<p>&nbsp;<\/p>\n","protected":false},"excerpt":{"rendered":"<p>Diese Ikone zeigt die Himmelfahrt des Propheten Elias (Elija). Oben sieht man Elias in einem feurigen Wagen, der von feurigen Pferden gezogen wird \u2013 ein traditionelles biblisches Motiv. Ein Engel oder J\u00fcnger hebt die H\u00e4nde in Staunen. Unten links sitzt Elias als weise, \u00e4ltere Gestalt in einer H\u00f6hle. Rechts unten stehen zwei Heilige oder J\u00fcnger, [&hellip;]<\/p>\n","protected":false},"featured_media":17210,"template":"","meta":[],"product_brand":[],"product_cat":[31],"product_tag":[],"class_list":{"0":"post-17209","1":"product","2":"type-product","3":"status-publish","4":"has-post-thumbnail","6":"product_cat-holzikonen","8":"first","9":"instock","10":"sale","11":"shipping-taxable","12":"purchasable","13":"product-type-simple"},"_links":{"self":[{"href":"https:\/\/ikonen-grassmann.de\/ru\/wp-json\/wp\/v2\/product\/17209","targetHints":{"allow":["GET"]}}],"collection":[{"href":"https:\/\/ikonen-grassmann.de\/ru\/wp-json\/wp\/v2\/product"}],"about":[{"href":"https:\/\/ikonen-grassmann.de\/ru\/wp-json\/wp\/v2\/types\/product"}],"wp:featuredmedia":[{"embeddable":true,"href":"https:\/\/ikonen-grassmann.de\/ru\/wp-json\/wp\/v2\/media\/17210"}],"wp:attachment":[{"href":"https:\/\/ikonen-grassmann.de\/ru\/wp-json\/wp\/v2\/media?parent=17209"}],"wp:term":[{"taxonomy":"product_brand","embeddable":true,"href":"https:\/\/ikonen-grassmann.de\/ru\/wp-json\/wp\/v2\/product_brand?post=17209"},{"taxonomy":"product_cat","embeddable":true,"href":"https:\/\/ikonen-grassmann.de\/ru\/wp-json\/wp\/v2\/product_cat?post=17209"},{"taxonomy":"product_tag","embeddable":true,"href":"https:\/\/ikonen-grassmann.de\/ru\/wp-json\/wp\/v2\/product_tag?post=17209"}],"curies":[{"name":"wp","href":"https:\/\/api.w.org\/{rel}","templated":true}]}}