{"id":1859,"date":"2020-11-08T21:21:51","date_gmt":"2020-11-08T20:21:51","guid":{"rendered":"https:\/\/ikonen-grassmann.de\/?post_type=product&#038;p=1859"},"modified":"2025-07-22T14:06:37","modified_gmt":"2025-07-22T12:06:37","slug":"garnitur-franzoesisch-2-stuehle-mit-armlehnen","status":"publish","type":"product","link":"https:\/\/ikonen-grassmann.de\/en\/garnitur-franzoesisch-2-stuehle-mit-armlehnen\/","title":{"rendered":"Garnitur, franz\u00f6sisch &#8211; 2 St\u00fchle mit Armlehnen"},"content":{"rendered":"<p>sehr guter Zustand, keine Flecken oder L\u00f6cher<br \/>\nKomplette Garnitur 1400\u00a4<\/p>\n","protected":false},"excerpt":{"rendered":"<p>sehr guter Zustand, keine Flecken oder L\u00f6cher Komplette Garnitur 1400\u00a4<\/p>\n","protected":false},"featured_media":10582,"template":"","meta":[],"product_brand":[],"product_cat":[],"product_tag":[],"class_list":{"0":"post-1859","1":"product","2":"type-product","3":"status-publish","4":"has-post-thumbnail","7":"first","8":"instock","9":"shipping-taxable","10":"purchasable","11":"product-type-simple"},"_links":{"self":[{"href":"https:\/\/ikonen-grassmann.de\/en\/wp-json\/wp\/v2\/product\/1859","targetHints":{"allow":["GET"]}}],"collection":[{"href":"https:\/\/ikonen-grassmann.de\/en\/wp-json\/wp\/v2\/product"}],"about":[{"href":"https:\/\/ikonen-grassmann.de\/en\/wp-json\/wp\/v2\/types\/product"}],"wp:featuredmedia":[{"embeddable":true,"href":"https:\/\/ikonen-grassmann.de\/en\/wp-json\/wp\/v2\/media\/10582"}],"wp:attachment":[{"href":"https:\/\/ikonen-grassmann.de\/en\/wp-json\/wp\/v2\/media?parent=1859"}],"wp:term":[{"taxonomy":"product_brand","embeddable":true,"href":"https:\/\/ikonen-grassmann.de\/en\/wp-json\/wp\/v2\/product_brand?post=1859"},{"taxonomy":"product_cat","embeddable":true,"href":"https:\/\/ikonen-grassmann.de\/en\/wp-json\/wp\/v2\/product_cat?post=1859"},{"taxonomy":"product_tag","embeddable":true,"href":"https:\/\/ikonen-grassmann.de\/en\/wp-json\/wp\/v2\/product_tag?post=1859"}],"curies":[{"name":"wp","href":"https:\/\/api.w.org\/{rel}","templated":true}]}}