{"id":17668,"date":"2026-04-14T11:28:11","date_gmt":"2026-04-14T09:28:11","guid":{"rendered":"https:\/\/ikonen-grassmann.de\/?post_type=product&#038;p=17668"},"modified":"2026-04-14T11:28:12","modified_gmt":"2026-04-14T09:28:12","slug":"drei-felder-ikone-3","status":"publish","type":"product","link":"https:\/\/ikonen-grassmann.de\/en\/drei-felder-ikone-3\/","title":{"rendered":"Drei-Felder-Ikone"},"content":{"rendered":"<p>Mari\u00e4 Verk\u00fcndigung<\/p>\n<p>Christi Einf\u00fchrung im Tempel<\/p>\n<p>Verkl\u00e4rung auf dem Berg Tabor<\/p>\n","protected":false},"excerpt":{"rendered":"<p>Mari\u00e4 Verk\u00fcndigung Christi Einf\u00fchrung im Tempel Verkl\u00e4rung auf dem Berg Tabor<\/p>\n","protected":false},"featured_media":17645,"template":"","meta":[],"product_brand":[],"product_cat":[31],"product_tag":[],"class_list":{"0":"post-17668","1":"product","2":"type-product","3":"status-publish","4":"has-post-thumbnail","6":"product_cat-holzikonen","8":"first","9":"instock","10":"shipping-taxable","11":"purchasable","12":"product-type-simple"},"_links":{"self":[{"href":"https:\/\/ikonen-grassmann.de\/en\/wp-json\/wp\/v2\/product\/17668","targetHints":{"allow":["GET"]}}],"collection":[{"href":"https:\/\/ikonen-grassmann.de\/en\/wp-json\/wp\/v2\/product"}],"about":[{"href":"https:\/\/ikonen-grassmann.de\/en\/wp-json\/wp\/v2\/types\/product"}],"wp:featuredmedia":[{"embeddable":true,"href":"https:\/\/ikonen-grassmann.de\/en\/wp-json\/wp\/v2\/media\/17645"}],"wp:attachment":[{"href":"https:\/\/ikonen-grassmann.de\/en\/wp-json\/wp\/v2\/media?parent=17668"}],"wp:term":[{"taxonomy":"product_brand","embeddable":true,"href":"https:\/\/ikonen-grassmann.de\/en\/wp-json\/wp\/v2\/product_brand?post=17668"},{"taxonomy":"product_cat","embeddable":true,"href":"https:\/\/ikonen-grassmann.de\/en\/wp-json\/wp\/v2\/product_cat?post=17668"},{"taxonomy":"product_tag","embeddable":true,"href":"https:\/\/ikonen-grassmann.de\/en\/wp-json\/wp\/v2\/product_tag?post=17668"}],"curies":[{"name":"wp","href":"https:\/\/api.w.org\/{rel}","templated":true}]}}