{"id":17271,"date":"2025-11-20T12:54:49","date_gmt":"2025-11-20T11:54:49","guid":{"rendered":"https:\/\/ikonen-grassmann.de\/?post_type=product&#038;p=17271"},"modified":"2025-11-20T12:54:49","modified_gmt":"2025-11-20T11:54:49","slug":"erweiterte-festagsikone","status":"publish","type":"product","link":"https:\/\/ikonen-grassmann.de\/en\/erweiterte-festagsikone\/","title":{"rendered":"erweiterte Festagsikone"},"content":{"rendered":"<p>Diese in feiner Malqualit\u00e4t ausgef\u00fchrte Festagsikone aus dem Raum Palekh, zeigt in 17 Feldern die Auferstehung und H\u00f6llenfahrt Christi, umgeben von 16 festgeschriebenen Darstellungen.<\/p>\n","protected":false},"excerpt":{"rendered":"<p>Diese in feiner Malqualit\u00e4t ausgef\u00fchrte Festagsikone aus dem Raum Palekh, zeigt in 17 Feldern die Auferstehung und H\u00f6llenfahrt Christi, umgeben von 16 festgeschriebenen Darstellungen.<\/p>\n","protected":false},"featured_media":17253,"template":"","meta":[],"product_brand":[],"product_cat":[31],"product_tag":[],"class_list":{"0":"post-17271","1":"product","2":"type-product","3":"status-publish","4":"has-post-thumbnail","6":"product_cat-holzikonen","8":"first","9":"instock","10":"shipping-taxable","11":"purchasable","12":"product-type-simple"},"_links":{"self":[{"href":"https:\/\/ikonen-grassmann.de\/en\/wp-json\/wp\/v2\/product\/17271","targetHints":{"allow":["GET"]}}],"collection":[{"href":"https:\/\/ikonen-grassmann.de\/en\/wp-json\/wp\/v2\/product"}],"about":[{"href":"https:\/\/ikonen-grassmann.de\/en\/wp-json\/wp\/v2\/types\/product"}],"wp:featuredmedia":[{"embeddable":true,"href":"https:\/\/ikonen-grassmann.de\/en\/wp-json\/wp\/v2\/media\/17253"}],"wp:attachment":[{"href":"https:\/\/ikonen-grassmann.de\/en\/wp-json\/wp\/v2\/media?parent=17271"}],"wp:term":[{"taxonomy":"product_brand","embeddable":true,"href":"https:\/\/ikonen-grassmann.de\/en\/wp-json\/wp\/v2\/product_brand?post=17271"},{"taxonomy":"product_cat","embeddable":true,"href":"https:\/\/ikonen-grassmann.de\/en\/wp-json\/wp\/v2\/product_cat?post=17271"},{"taxonomy":"product_tag","embeddable":true,"href":"https:\/\/ikonen-grassmann.de\/en\/wp-json\/wp\/v2\/product_tag?post=17271"}],"curies":[{"name":"wp","href":"https:\/\/api.w.org\/{rel}","templated":true}]}}