{"id":17269,"date":"2025-11-20T12:41:42","date_gmt":"2025-11-20T11:41:42","guid":{"rendered":"https:\/\/ikonen-grassmann.de\/?post_type=product&#038;p=17269"},"modified":"2025-11-20T12:41:42","modified_gmt":"2025-11-20T11:41:42","slug":"monatsikone-november","status":"publish","type":"product","link":"https:\/\/ikonen-grassmann.de\/en\/monatsikone-november\/","title":{"rendered":"Monatsikone November"},"content":{"rendered":"<p>Es handelt sich um eine in feiner, auf \u00a0Goldgrund ausgef\u00fchrter russischer Feinmalerei gestaltete Monatsikone f\u00fcr den November, deren reiche Ausarbeitung mit zus\u00e4tzlichen Randdarstellungen, zw\u00f6lf Mariendarstellungen, sowie der Auferstehung Christi sie zu einem besonders begehrten Sammlerst\u00fcck macht.<\/p>\n","protected":false},"excerpt":{"rendered":"<p>Es handelt sich um eine in feiner, auf \u00a0Goldgrund ausgef\u00fchrter russischer Feinmalerei gestaltete Monatsikone f\u00fcr den November, deren reiche Ausarbeitung mit zus\u00e4tzlichen Randdarstellungen, zw\u00f6lf Mariendarstellungen, sowie der Auferstehung Christi sie zu einem besonders begehrten Sammlerst\u00fcck macht.<\/p>\n","protected":false},"featured_media":17248,"template":"","meta":[],"product_brand":[],"product_cat":[31],"product_tag":[],"class_list":{"0":"post-17269","1":"product","2":"type-product","3":"status-publish","4":"has-post-thumbnail","6":"product_cat-holzikonen","8":"first","9":"instock","10":"shipping-taxable","11":"purchasable","12":"product-type-simple"},"_links":{"self":[{"href":"https:\/\/ikonen-grassmann.de\/en\/wp-json\/wp\/v2\/product\/17269","targetHints":{"allow":["GET"]}}],"collection":[{"href":"https:\/\/ikonen-grassmann.de\/en\/wp-json\/wp\/v2\/product"}],"about":[{"href":"https:\/\/ikonen-grassmann.de\/en\/wp-json\/wp\/v2\/types\/product"}],"wp:featuredmedia":[{"embeddable":true,"href":"https:\/\/ikonen-grassmann.de\/en\/wp-json\/wp\/v2\/media\/17248"}],"wp:attachment":[{"href":"https:\/\/ikonen-grassmann.de\/en\/wp-json\/wp\/v2\/media?parent=17269"}],"wp:term":[{"taxonomy":"product_brand","embeddable":true,"href":"https:\/\/ikonen-grassmann.de\/en\/wp-json\/wp\/v2\/product_brand?post=17269"},{"taxonomy":"product_cat","embeddable":true,"href":"https:\/\/ikonen-grassmann.de\/en\/wp-json\/wp\/v2\/product_cat?post=17269"},{"taxonomy":"product_tag","embeddable":true,"href":"https:\/\/ikonen-grassmann.de\/en\/wp-json\/wp\/v2\/product_tag?post=17269"}],"curies":[{"name":"wp","href":"https:\/\/api.w.org\/{rel}","templated":true}]}}