{"id":17217,"date":"2025-11-19T13:23:13","date_gmt":"2025-11-19T12:23:13","guid":{"rendered":"https:\/\/ikonen-grassmann.de\/?post_type=product&#038;p=17217"},"modified":"2026-02-27T12:32:23","modified_gmt":"2026-02-27T11:32:23","slug":"perlenoklad-vierfelder-ikone","status":"publish","type":"product","link":"https:\/\/ikonen-grassmann.de\/en\/perlenoklad-vierfelder-ikone\/","title":{"rendered":"Perlenoklad Vierfelder &#8211; Ikone"},"content":{"rendered":"<p>Die Ikone ist mit einem abnehmbaren Oklad aus dicht aufgen\u00e4hten Glasperlen verziert. Das Layout ist in vier Felder eingeteilt, jeweils mit einer stilisierten Heiligenfigur oder Mutter-Kind-Darstellung, Feine Perlenstickereien bilden Gew\u00e4nder, Heiligenscheine und florale Ornamente. Der Rand ist vollst\u00e4ndig mit silbrig-grauen Perlen bedeckt und mit kleinen, sternf\u00f6rmigen Perlenapplikationen geschm\u00fcckt. Durch einzelne Aussparungen im Perlenbesatz sind Teile der darunterliegenden Ikonenmalerei sichtbar.<\/p>\n<p>Oben links:<\/p>\n<p>Diese Darstellung zeigt die Gottesmutter in der Ikone \u201eUnerwartete Freude\u201c (russ. \u041d\u0435\u0447\u0430\u044f\u043d\u043d\u0430\u044f \u0420\u0430\u0434\u043e\u0441\u0442\u044c). Links kniet ein Beter in einer h\u00e4uslichen Umgebung vor der Ikone der Gottesmutter mit dem Christuskind. Die Szene ist erz\u00e4hlerisch und verbindet das Wunder der Vergebung mit der F\u00fcrsprache Mariens.<\/p>\n<p>Oben rechts:<\/p>\n<p>Hier handelt es sich um eine der Eleousa-Darstellungen (\u201eDie Erbarmende\u201c), erkennbar an der innigen, wangenber\u00fchrenden Haltung zwischen Mutter und Kind. Das Jesuskind schmiegt sich an Maria und h\u00e4lt eine Schriftrolle \u2013 ein Hinweis auf seine Weisheit und seine zuk\u00fcnftige Lehre.<\/p>\n<p>Unten links:<\/p>\n<p>Diese Darstellung zeigt die Gottesmutter als \u201eAller Betr\u00fcbten Freude\u201c oder eine \u00e4hnliche tr\u00f6stende Variante. Maria h\u00e4lt Christus eng an sich, beide Figuren wirken<\/p>\n<p>expressiver und etwas l\u00e4nger gezogen. Die Gestik betont Trost, Mitgef\u00fchl und geistliche N\u00e4he.<\/p>\n<p>Unten rechts:<\/p>\n<p>Dies ist die Ikone der Gottesmutter \u201eZnamenie\u201c (\u201eDas Zeichen\u201c). Maria wird frontal und w\u00fcrdevoll dargestellt, mit erhobenen H\u00e4nden in Orantenhaltung. Das Christuskind erscheint vor ihr im Rundmedaillon \u2013 ein Symbol der Menschwerdung und g\u00f6ttlichen Gegenwart.<\/p>\n<p>&nbsp;<\/p>\n","protected":false},"excerpt":{"rendered":"<p>Die Ikone ist mit einem abnehmbaren Oklad aus dicht aufgen\u00e4hten Glasperlen verziert. Das Layout ist in vier Felder eingeteilt, jeweils mit einer stilisierten Heiligenfigur oder Mutter-Kind-Darstellung, Feine Perlenstickereien bilden Gew\u00e4nder, Heiligenscheine und florale Ornamente. Der Rand ist vollst\u00e4ndig mit silbrig-grauen Perlen bedeckt und mit kleinen, sternf\u00f6rmigen Perlenapplikationen geschm\u00fcckt. Durch einzelne Aussparungen im Perlenbesatz sind Teile [&hellip;]<\/p>\n","protected":false},"featured_media":17218,"template":"","meta":[],"product_brand":[],"product_cat":[31],"product_tag":[],"class_list":{"0":"post-17217","1":"product","2":"type-product","3":"status-publish","4":"has-post-thumbnail","6":"product_cat-holzikonen","8":"first","9":"instock","10":"sale","11":"shipping-taxable","12":"purchasable","13":"product-type-simple"},"_links":{"self":[{"href":"https:\/\/ikonen-grassmann.de\/en\/wp-json\/wp\/v2\/product\/17217","targetHints":{"allow":["GET"]}}],"collection":[{"href":"https:\/\/ikonen-grassmann.de\/en\/wp-json\/wp\/v2\/product"}],"about":[{"href":"https:\/\/ikonen-grassmann.de\/en\/wp-json\/wp\/v2\/types\/product"}],"wp:featuredmedia":[{"embeddable":true,"href":"https:\/\/ikonen-grassmann.de\/en\/wp-json\/wp\/v2\/media\/17218"}],"wp:attachment":[{"href":"https:\/\/ikonen-grassmann.de\/en\/wp-json\/wp\/v2\/media?parent=17217"}],"wp:term":[{"taxonomy":"product_brand","embeddable":true,"href":"https:\/\/ikonen-grassmann.de\/en\/wp-json\/wp\/v2\/product_brand?post=17217"},{"taxonomy":"product_cat","embeddable":true,"href":"https:\/\/ikonen-grassmann.de\/en\/wp-json\/wp\/v2\/product_cat?post=17217"},{"taxonomy":"product_tag","embeddable":true,"href":"https:\/\/ikonen-grassmann.de\/en\/wp-json\/wp\/v2\/product_tag?post=17217"}],"curies":[{"name":"wp","href":"https:\/\/api.w.org\/{rel}","templated":true}]}}